{"id":2882,"date":"2024-06-12T13:15:12","date_gmt":"2024-06-12T13:15:12","guid":{"rendered":"https:\/\/westendcavendish.com\/pickleball\/"},"modified":"2025-09-24T07:38:43","modified_gmt":"2025-09-24T07:38:43","slug":"pickleball","status":"publish","type":"page","link":"https:\/\/westendcavendish.com\/fr\/pickleball\/","title":{"rendered":"Pickleball"},"content":{"rendered":"<p>[vc_row equal_height=\u00a0\u00bbyes\u00a0\u00bb content_placement=\u00a0\u00bbmiddle\u00a0\u00bb css=\u00a0\u00bb.vc_custom_1718198417106{padding-top: 50px !important;padding-bottom: 50px !important;}\u00a0\u00bb][vc_column][vc_empty_space][vc_row_inner][vc_column_inner width=\u00a0\u00bb1\/4&Prime;][\/vc_column_inner][vc_column_inner width=\u00a0\u00bb1\/2&Prime;][vc_single_image image=\u00a0\u00bb4524&Prime; img_size=\u00a0\u00bbfull\u00a0\u00bb alignment=\u00a0\u00bbcenter\u00a0\u00bb]<div id=\"ultimate-heading-621169e2cbff4f810\" class=\"uvc-heading ult-adjust-bottom-margin ultimate-heading-621169e2cbff4f810 uvc-3762 \" data-hspacer=\"no_spacer\"  data-halign=\"center\" style=\"text-align:center\"><div class=\"uvc-heading-spacer no_spacer\" style=\"top\"><\/div><div class=\"uvc-main-heading ult-responsive\"  data-ultimate-target='.uvc-heading.ultimate-heading-621169e2cbff4f810 h2'  data-responsive-json-new='{\"font-size\":\"desktop:60px;mobile:30px;\",\"line-height\":\"\"}' ><h2 style=\"font-weight:bold;color:#dd3333;\">LE PICKLEBALL EST L\u00c0!<\/h2><\/div><\/div>[vc_column_text el_id=\u00a0\u00bbpickleball-text\u00a0\u00bb]<\/p>\n<p style=\"text-align: center;\">Les terrains de pickleball ext\u00e9rieurs sont d\u00e9sormais inclus avec tous les abonnements ! Le pickleball est facile \u00e0 apprendre, amusant pour tous les niveaux et une excellente fa\u00e7on de rester actif tout en rencontrant de nouvelles personnes. Que vous cherchiez une partie amicale ou un match comp\u00e9titif, nos terrains sont l&rsquo;endroit id\u00e9al pour jouer. Venez vous joindre \u00e0 l&rsquo;excitation !<\/p>\n<p>[\/vc_column_text][\/vc_column_inner][vc_column_inner width=\u00a0\u00bb1\/4&Prime;][\/vc_column_inner][\/vc_row_inner][\/vc_column][\/vc_row]<\/p>\n","protected":false},"excerpt":{"rendered":"<p>[vc_row equal_height=\u00a0\u00bbyes\u00a0\u00bb content_placement=\u00a0\u00bbmiddle\u00a0\u00bb css=\u00a0\u00bb.vc_custom_1718198417106{padding-top: 50px !important;padding-bottom: 50px !important;}\u00a0\u00bb][vc_column][vc_empty_space][vc_row_inner][vc_column_inner width=\u00a0\u00bb1\/4&Prime;][\/vc_column_inner][vc_column_inner width=\u00a0\u00bb1\/2&Prime;][vc_single_image image=\u00a0\u00bb4524&Prime; img_size=\u00a0\u00bbfull\u00a0\u00bb alignment=\u00a0\u00bbcenter\u00a0\u00bb][vc_column_text el_id=\u00a0\u00bbpickleball-text\u00a0\u00bb] Les terrains de pickleball ext\u00e9rieurs sont d\u00e9sormais inclus avec tous les abonnements<span class=\"excerpt-hellip\"> [\u2026]<\/span><\/p>\n","protected":false},"author":1,"featured_media":0,"parent":0,"menu_order":0,"comment_status":"closed","ping_status":"closed","template":"","meta":{"_monsterinsights_skip_tracking":false,"_monsterinsights_sitenote_active":false,"_monsterinsights_sitenote_note":"","_monsterinsights_sitenote_category":0,"footnotes":""},"class_list":["post-2882","page","type-page","status-publish","hentry"],"yoast_head":"<!-- This site is optimized with the Yoast SEO plugin v27.0 - https:\/\/yoast.com\/product\/yoast-seo-wordpress\/ -->\n<title>Pickleball - West-End Cavendish<\/title>\n<meta name=\"robots\" content=\"index, follow, max-snippet:-1, max-image-preview:large, max-video-preview:-1\" \/>\n<link rel=\"canonical\" href=\"https:\/\/westendcavendish.com\/fr\/pickleball\/\" \/>\n<meta property=\"og:locale\" content=\"fr_FR\" \/>\n<meta property=\"og:type\" content=\"article\" \/>\n<meta property=\"og:title\" content=\"Pickleball - West-End Cavendish\" \/>\n<meta property=\"og:description\" content=\"[vc_row equal_height=\u00a0\u00bbyes\u00a0\u00bb content_placement=\u00a0\u00bbmiddle\u00a0\u00bb css=\u00a0\u00bb.vc_custom_1718198417106{padding-top: 50px !important;padding-bottom: 50px !important;}\u00a0\u00bb][vc_column][vc_empty_space][vc_row_inner][vc_column_inner width=\u00a0\u00bb1\/4&Prime;][\/vc_column_inner][vc_column_inner width=\u00a0\u00bb1\/2&Prime;][vc_single_image image=\u00a0\u00bb4524&Prime; img_size=\u00a0\u00bbfull\u00a0\u00bb alignment=\u00a0\u00bbcenter\u00a0\u00bb][vc_column_text el_id=\u00a0\u00bbpickleball-text\u00a0\u00bb] Les terrains de pickleball ext\u00e9rieurs sont d\u00e9sormais inclus avec tous les abonnements [\u2026]\" \/>\n<meta property=\"og:url\" content=\"https:\/\/westendcavendish.com\/fr\/pickleball\/\" \/>\n<meta property=\"og:site_name\" content=\"West-End Cavendish\" \/>\n<meta property=\"article:modified_time\" content=\"2025-09-24T07:38:43+00:00\" \/>\n<meta name=\"twitter:card\" content=\"summary_large_image\" \/>\n<meta name=\"twitter:label1\" content=\"Dur\u00e9e de lecture estim\u00e9e\" \/>\n\t<meta name=\"twitter:data1\" content=\"1 minute\" \/>\n<script type=\"application\/ld+json\" class=\"yoast-schema-graph\">{\"@context\":\"https:\/\/schema.org\",\"@graph\":[{\"@type\":\"WebPage\",\"@id\":\"https:\/\/westendcavendish.com\/fr\/pickleball\/\",\"url\":\"https:\/\/westendcavendish.com\/fr\/pickleball\/\",\"name\":\"Pickleball - West-End Cavendish\",\"isPartOf\":{\"@id\":\"https:\/\/westendcavendish.com\/#website\"},\"datePublished\":\"2024-06-12T13:15:12+00:00\",\"dateModified\":\"2025-09-24T07:38:43+00:00\",\"breadcrumb\":{\"@id\":\"https:\/\/westendcavendish.com\/fr\/pickleball\/#breadcrumb\"},\"inLanguage\":\"fr-FR\",\"potentialAction\":[{\"@type\":\"ReadAction\",\"target\":[\"https:\/\/westendcavendish.com\/fr\/pickleball\/\"]}]},{\"@type\":\"BreadcrumbList\",\"@id\":\"https:\/\/westendcavendish.com\/fr\/pickleball\/#breadcrumb\",\"itemListElement\":[{\"@type\":\"ListItem\",\"position\":1,\"name\":\"Home\",\"item\":\"https:\/\/westendcavendish.com\/fr\/\"},{\"@type\":\"ListItem\",\"position\":2,\"name\":\"Pickleball\"}]},{\"@type\":\"WebSite\",\"@id\":\"https:\/\/westendcavendish.com\/#website\",\"url\":\"https:\/\/westendcavendish.com\/\",\"name\":\"West-End Cavendish\",\"description\":\"Athletic Club\",\"potentialAction\":[{\"@type\":\"SearchAction\",\"target\":{\"@type\":\"EntryPoint\",\"urlTemplate\":\"https:\/\/westendcavendish.com\/?s={search_term_string}\"},\"query-input\":{\"@type\":\"PropertyValueSpecification\",\"valueRequired\":true,\"valueName\":\"search_term_string\"}}],\"inLanguage\":\"fr-FR\"}]}<\/script>\n<!-- \/ Yoast SEO plugin. -->","yoast_head_json":{"title":"Pickleball - West-End Cavendish","robots":{"index":"index","follow":"follow","max-snippet":"max-snippet:-1","max-image-preview":"max-image-preview:large","max-video-preview":"max-video-preview:-1"},"canonical":"https:\/\/westendcavendish.com\/fr\/pickleball\/","og_locale":"fr_FR","og_type":"article","og_title":"Pickleball - West-End Cavendish","og_description":"[vc_row equal_height=\u00a0\u00bbyes\u00a0\u00bb content_placement=\u00a0\u00bbmiddle\u00a0\u00bb css=\u00a0\u00bb.vc_custom_1718198417106{padding-top: 50px !important;padding-bottom: 50px !important;}\u00a0\u00bb][vc_column][vc_empty_space][vc_row_inner][vc_column_inner width=\u00a0\u00bb1\/4&Prime;][\/vc_column_inner][vc_column_inner width=\u00a0\u00bb1\/2&Prime;][vc_single_image image=\u00a0\u00bb4524&Prime; img_size=\u00a0\u00bbfull\u00a0\u00bb alignment=\u00a0\u00bbcenter\u00a0\u00bb][vc_column_text el_id=\u00a0\u00bbpickleball-text\u00a0\u00bb] Les terrains de pickleball ext\u00e9rieurs sont d\u00e9sormais inclus avec tous les abonnements [\u2026]","og_url":"https:\/\/westendcavendish.com\/fr\/pickleball\/","og_site_name":"West-End Cavendish","article_modified_time":"2025-09-24T07:38:43+00:00","twitter_card":"summary_large_image","twitter_misc":{"Dur\u00e9e de lecture estim\u00e9e":"1 minute"},"schema":{"@context":"https:\/\/schema.org","@graph":[{"@type":"WebPage","@id":"https:\/\/westendcavendish.com\/fr\/pickleball\/","url":"https:\/\/westendcavendish.com\/fr\/pickleball\/","name":"Pickleball - West-End Cavendish","isPartOf":{"@id":"https:\/\/westendcavendish.com\/#website"},"datePublished":"2024-06-12T13:15:12+00:00","dateModified":"2025-09-24T07:38:43+00:00","breadcrumb":{"@id":"https:\/\/westendcavendish.com\/fr\/pickleball\/#breadcrumb"},"inLanguage":"fr-FR","potentialAction":[{"@type":"ReadAction","target":["https:\/\/westendcavendish.com\/fr\/pickleball\/"]}]},{"@type":"BreadcrumbList","@id":"https:\/\/westendcavendish.com\/fr\/pickleball\/#breadcrumb","itemListElement":[{"@type":"ListItem","position":1,"name":"Home","item":"https:\/\/westendcavendish.com\/fr\/"},{"@type":"ListItem","position":2,"name":"Pickleball"}]},{"@type":"WebSite","@id":"https:\/\/westendcavendish.com\/#website","url":"https:\/\/westendcavendish.com\/","name":"West-End Cavendish","description":"Athletic Club","potentialAction":[{"@type":"SearchAction","target":{"@type":"EntryPoint","urlTemplate":"https:\/\/westendcavendish.com\/?s={search_term_string}"},"query-input":{"@type":"PropertyValueSpecification","valueRequired":true,"valueName":"search_term_string"}}],"inLanguage":"fr-FR"}]}},"_links":{"self":[{"href":"https:\/\/westendcavendish.com\/fr\/wp-json\/wp\/v2\/pages\/2882","targetHints":{"allow":["GET"]}}],"collection":[{"href":"https:\/\/westendcavendish.com\/fr\/wp-json\/wp\/v2\/pages"}],"about":[{"href":"https:\/\/westendcavendish.com\/fr\/wp-json\/wp\/v2\/types\/page"}],"author":[{"embeddable":true,"href":"https:\/\/westendcavendish.com\/fr\/wp-json\/wp\/v2\/users\/1"}],"replies":[{"embeddable":true,"href":"https:\/\/westendcavendish.com\/fr\/wp-json\/wp\/v2\/comments?post=2882"}],"version-history":[{"count":12,"href":"https:\/\/westendcavendish.com\/fr\/wp-json\/wp\/v2\/pages\/2882\/revisions"}],"predecessor-version":[{"id":4554,"href":"https:\/\/westendcavendish.com\/fr\/wp-json\/wp\/v2\/pages\/2882\/revisions\/4554"}],"wp:attachment":[{"href":"https:\/\/westendcavendish.com\/fr\/wp-json\/wp\/v2\/media?parent=2882"}],"curies":[{"name":"wp","href":"https:\/\/api.w.org\/{rel}","templated":true}]}}