{"id":342,"date":"2017-03-15T21:43:56","date_gmt":"2017-03-15T21:43:56","guid":{"rendered":"http:\/\/westendcavendish.com\/aerobics-yoga-class\/"},"modified":"2018-06-14T17:13:57","modified_gmt":"2018-06-14T17:13:57","slug":"aerobics-yoga-class","status":"publish","type":"page","link":"https:\/\/westendcavendish.com\/fr\/aerobics-yoga-class\/","title":{"rendered":"PROGRAMME A\u00c9ROBIQUE"},"content":{"rendered":"<p>[vc_row][vc_column][vc_empty_space height=\u00a0\u00bb25px\u00a0\u00bb][vc_column_text css=\u00a0\u00bb.vc_custom_1489773021055{padding-right: 10% !important;padding-left: 10% !important;}\u00a0\u00bb]<\/p>\n<p style=\"text-align: center;\">Notre programme d\u2019a\u00e9robie est si complet qu\u2019il convient \u00e0 tous; que vous soyez novice ou avanc\u00e9, que votre objectif soit de perdre du poids ou de garder la forme, que vous vouliez le faire strictement r\u00e9cr\u00e9atif ou pour la pr\u00e9vention des blessures, quel que soit votre objectif, nous vous aiderons \u00e0 faciliter le processus. En m\u00eame temps, nous ferons en sorte qu\u2019il soit agr\u00e9able!<\/p>\n<p>[\/vc_column_text][vc_empty_space height=\u00a0\u00bb25px\u00a0\u00bb][vc_row_inner equal_height=\u00a0\u00bbyes\u00a0\u00bb content_placement=\u00a0\u00bbmiddle\u00a0\u00bb][vc_column_inner width=\u00a0\u00bb1\/2&Prime;][vc_btn title=\u00a0\u00bbFITNESS, AEROBICS, ZUMBA SCHEDULE\u00a0\u00bb style=\u00a0\u00bboutline\u00a0\u00bb shape=\u00a0\u00bbsquare\u00a0\u00bb color=\u00a0\u00bbblack\u00a0\u00bb align=\u00a0\u00bbcenter\u00a0\u00bb button_block=\u00a0\u00bbtrue\u00a0\u00bb link=\u00a0\u00bburl:%23zumba|||\u00a0\u00bb][\/vc_column_inner][vc_column_inner width=\u00a0\u00bb1\/2&Prime;][vc_btn title=\u00a0\u00bbYOGA &amp; PILATES SCHEDULE\u00a0\u00bb style=\u00a0\u00bboutline\u00a0\u00bb shape=\u00a0\u00bbsquare\u00a0\u00bb color=\u00a0\u00bbblack\u00a0\u00bb align=\u00a0\u00bbcenter\u00a0\u00bb button_block=\u00a0\u00bbtrue\u00a0\u00bb link=\u00a0\u00bburl:%23yoga|||\u00a0\u00bb][\/vc_column_inner][\/vc_row_inner][\/vc_column][\/vc_row][vc_row ult_hide_row=\u00a0\u00bbult_hide_row_value\u00a0\u00bb ult_hide_row_mobile=\u00a0\u00bbmobile\u00a0\u00bb ult_hide_row_mobile_large=\u00a0\u00bbxl_mobile\u00a0\u00bb][vc_column offset=\u00a0\u00bbvc_hidden-sm vc_hidden-xs\u00a0\u00bb][vc_empty_space height=\u00a0\u00bb25px\u00a0\u00bb][vc_column_text]<\/p>\n<h3 style=\"text-align: center;\">FITNESS, AEROBICS, ZUMBA<\/h3>\n<p>[\/vc_column_text][vc_column_text]<\/p>\n<p><center>[wpsm_comparison_table id=\u00a0\u00bb10&Prime; class=\u00a0\u00bbcenter-table-align\u00a0\u00bb]\u00a0<\/center>\u00a0[\/vc_column_text][vc_empty_space][\/vc_column][\/vc_row][vc_row ult_hide_row=\u00a0\u00bbult_hide_row_value\u00a0\u00bb ult_hide_row_mobile=\u00a0\u00bbmobile\u00a0\u00bb ult_hide_row_mobile_large=\u00a0\u00bbxl_mobile\u00a0\u00bb][vc_column offset=\u00a0\u00bbvc_hidden-lg vc_hidden-md\u00a0\u00bb][vc_empty_space height=\u00a0\u00bb25px\u00a0\u00bb][vc_column_text]<\/p>\n<p><center>[wpsm_comparison_table id=\u00a0\u00bb11&Prime; class=\u00a0\u00bbcenter-table-align\u00a0\u00bb]\u00a0<\/center>\u00a0[\/vc_column_text][vc_empty_space][\/vc_column][\/vc_row][vc_row el_id=\u00a0\u00bbyoga\u00a0\u00bb][vc_column][\/vc_column][\/vc_row][vc_row ult_hide_row=\u00a0\u00bbult_hide_row_value\u00a0\u00bb ult_hide_row_mobile=\u00a0\u00bbmobile\u00a0\u00bb ult_hide_row_mobile_large=\u00a0\u00bbxl_mobile\u00a0\u00bb][vc_column offset=\u00a0\u00bbvc_hidden-sm vc_hidden-xs\u00a0\u00bb][vc_empty_space height=\u00a0\u00bb25px\u00a0\u00bb][vc_column_text]<\/p>\n<h3 style=\"text-align: center;\">YOGA &amp; PILATES<\/h3>\n<p>[\/vc_column_text][vc_column_text]<\/p>\n<p><center>[wpsm_comparison_table id=\u00a0\u00bb16&Prime; class=\u00a0\u00bbcenter-table-align\u00a0\u00bb]\u00a0<\/center>\u00a0[\/vc_column_text][vc_empty_space][\/vc_column][\/vc_row][vc_row ult_hide_row=\u00a0\u00bbult_hide_row_value\u00a0\u00bb ult_hide_row_mobile=\u00a0\u00bbmobile\u00a0\u00bb ult_hide_row_mobile_large=\u00a0\u00bbxl_mobile\u00a0\u00bb][vc_column offset=\u00a0\u00bbvc_hidden-lg vc_hidden-md\u00a0\u00bb][vc_column_text]<\/p>\n<h3 style=\"text-align: center;\">YOGA &amp; PILATES<\/h3>\n<p>[\/vc_column_text][vc_empty_space height=\u00a0\u00bb25px\u00a0\u00bb][vc_column_text]<\/p>\n<p><center>[wpsm_comparison_table id=\u00a0\u00bb17&Prime; class=\u00a0\u00bbcenter-table-align\u00a0\u00bb]\u00a0<\/center>\u00a0[\/vc_column_text][vc_empty_space][\/vc_column][\/vc_row][vc_row full_width=\u00a0\u00bbstretch_row_content\u00a0\u00bb el_class=\u00a0\u00bbdark\u00a0\u00bb css=\u00a0\u00bb.vc_custom_1489599173442{padding-top: 2% !important;padding-bottom: 2% !important;background-color: #000000 !important;}\u00a0\u00bb][vc_column width=\u00a0\u00bb2\/3&Prime; css=\u00a0\u00bb.vc_custom_1489440024041{padding-top: 15px !important;padding-bottom: 15px !important;}\u00a0\u00bb][vc_column_text]<\/p>\n<h3 style=\"text-align: right;\">VISITEZ NOTRE ESPACE ET APPRENEZ-EN PLUS SUR NOUS<\/h3>\n<p>[\/vc_column_text][\/vc_column][vc_column width=\u00a0\u00bb1\/3&Prime;][vc_btn title=\u00a0\u00bbCONTACTEZ-NOUS\u00a0\u00bb style=\u00a0\u00bboutline\u00a0\u00bb shape=\u00a0\u00bbsquare\u00a0\u00bb color=\u00a0\u00bbwhite\u00a0\u00bb link=\u00a0\u00bburl:%23|||\u00a0\u00bb][\/vc_column][\/vc_row][vc_row full_width=\u00a0\u00bbstretch_row_content\u00a0\u00bb css=\u00a0\u00bb.vc_custom_1489685710771{background-color: #f2f2f2 !important;}\u00a0\u00bb][vc_column css=\u00a0\u00bb.vc_custom_1489599626485{padding-top: 2% !important;padding-bottom: 2% !important;}\u00a0\u00bb][vc_empty_space height=\u00a0\u00bb10px\u00a0\u00bb][vc_column_text]<\/p>\n<h3 style=\"text-align: center;\">Nous offrons<\/h3>\n<p>[\/vc_column_text][\/vc_column][\/vc_row][vc_row full_width=\u00a0\u00bbstretch_row_content\u00a0\u00bb css=\u00a0\u00bb.vc_custom_1489685719520{padding-bottom: 1% !important;background-color: #f2f2f2 !important;}\u00a0\u00bb][vc_column width=\u00a0\u00bb1\/3&Prime;][vc_column_text]<\/p>\n<p class=\"big\" style=\"text-align: center;\"><strong>YOGA<\/strong><\/p>\n<p>[\/vc_column_text][vc_empty_space height=\u00a0\u00bb25px\u00a0\u00bb][vc_column_text]<\/p>\n<p class=\"big\" style=\"text-align: center;\"><strong>BODY TONING<\/strong><\/p>\n<p>[\/vc_column_text][\/vc_column][vc_column width=\u00a0\u00bb1\/3&Prime;][vc_column_text]<\/p>\n<p class=\"big\" style=\"text-align: center;\"><strong> PILATES <\/strong><\/p>\n<p>[\/vc_column_text][vc_empty_space height=\u00a0\u00bb25px\u00a0\u00bb][vc_column_text]<\/p>\n<p class=\"big\" style=\"text-align: center;\"><strong> PILOXING <\/strong><\/p>\n<p>[\/vc_column_text][\/vc_column][vc_column width=\u00a0\u00bb1\/3&Prime;][vc_column_text]<\/p>\n<p class=\"big\" style=\"text-align: center;\"><strong> ZUMBA <\/strong><\/p>\n<p>[\/vc_column_text][vc_empty_space height=\u00a0\u00bb25px\u00a0\u00bb][vc_column_text]<\/p>\n<p class=\"big\" style=\"text-align: center;\"><strong> BOOTYLICIOUS ON AND ON <\/strong><\/p>\n<p>[\/vc_column_text][\/vc_column][\/vc_row][vc_row full_width=\u00a0\u00bbstretch_row_content\u00a0\u00bb css=\u00a0\u00bb.vc_custom_1489685710771{background-color: #f2f2f2 !important;}\u00a0\u00bb][vc_column css=\u00a0\u00bb.vc_custom_1489599626485{padding-top: 2% !important;padding-bottom: 2% !important;}\u00a0\u00bb][vc_empty_space height=\u00a0\u00bb10px\u00a0\u00bb][\/vc_column][\/vc_row][vc_row][vc_column css=\u00a0\u00bb.vc_custom_1489599626485{padding-top: 2% !important;padding-bottom: 2% !important;}\u00a0\u00bb][vc_empty_space height=\u00a0\u00bb10px\u00a0\u00bb][vc_column_text]<\/p>\n<h3 style=\"text-align: center;\">LES COURS<\/h3>\n<p>[\/vc_column_text][\/vc_column][\/vc_row][vc_row css=\u00a0\u00bb.vc_custom_1489600144620{padding-bottom: 1% !important;}\u00a0\u00bb][vc_column width=\u00a0\u00bb1\/2&Prime;][vc_btn title=\u00a0\u00bbENTRA\u00ceNEMENT ET FITNESS\u00a0\u00bb style=\u00a0\u00bboutline-custom\u00a0\u00bb outline_custom_color=\u00a0\u00bb#696969&Prime; outline_custom_hover_background=\u00a0\u00bbrgba(10,10,10,0.12)\u00a0\u00bb outline_custom_hover_text=\u00a0\u00bb#696969&Prime; shape=\u00a0\u00bbsquare\u00a0\u00bb align=\u00a0\u00bbcenter\u00a0\u00bb button_block=\u00a0\u00bbtrue\u00a0\u00bb link=\u00a0\u00bburl:http%3A%2F%2Fwestendcavendish.com%2Ffitness-training%2F|||\u00a0\u00bb][\/vc_column][vc_column width=\u00a0\u00bb1\/2&Prime;][vc_btn title=\u00a0\u00bbKUNG-FU \/ KUDOKI \/ KU-JUTSU\u00a0\u00bb style=\u00a0\u00bboutline-custom\u00a0\u00bb outline_custom_color=\u00a0\u00bb#696969&Prime; outline_custom_hover_background=\u00a0\u00bbrgba(10,10,10,0.12)\u00a0\u00bb outline_custom_hover_text=\u00a0\u00bb#696969&Prime; shape=\u00a0\u00bbsquare\u00a0\u00bb align=\u00a0\u00bbcenter\u00a0\u00bb button_block=\u00a0\u00bbtrue\u00a0\u00bb link=\u00a0\u00bburl:http%3A%2F%2Fwestendcavendish.com%2Fkung-fu-kudoki-ku-jutsu%2F|||\u00a0\u00bb][\/vc_column][\/vc_row][vc_row][vc_column width=\u00a0\u00bb1\/2&Prime;][vc_btn title=\u00a0\u00bbTERRAINS DE SQUASH \/ RAQUETBALL \/ BASKETBALL\u00a0\u00bb style=\u00a0\u00bboutline-custom\u00a0\u00bb outline_custom_color=\u00a0\u00bb#696969&Prime; outline_custom_hover_background=\u00a0\u00bbrgba(10,10,10,0.12)\u00a0\u00bb outline_custom_hover_text=\u00a0\u00bb#696969&Prime; shape=\u00a0\u00bbsquare\u00a0\u00bb align=\u00a0\u00bbcenter\u00a0\u00bb button_block=\u00a0\u00bbtrue\u00a0\u00bb link=\u00a0\u00bburl:http%3A%2F%2Fwestendcavendish.com%2Fsquash-raquetball-courts%2F|||\u00a0\u00bb][\/vc_column][vc_column width=\u00a0\u00bb1\/2&Prime;][vc_btn title=\u00a0\u00bbNATATION \/ AQUA-AEROBIQUE\u00a0\u00bb style=\u00a0\u00bboutline-custom\u00a0\u00bb outline_custom_color=\u00a0\u00bb#696969&Prime; outline_custom_hover_background=\u00a0\u00bbrgba(10,10,10,0.12)\u00a0\u00bb outline_custom_hover_text=\u00a0\u00bb#696969&Prime; shape=\u00a0\u00bbsquare\u00a0\u00bb align=\u00a0\u00bbcenter\u00a0\u00bb button_block=\u00a0\u00bbtrue\u00a0\u00bb link=\u00a0\u00bburl:http%3A%2F%2Fwestendcavendish.com%2Fswimming-aqua-aerobics-class%2F|||\u00a0\u00bb][\/vc_column][\/vc_row][vc_row][vc_column][vc_empty_space height=\u00a0\u00bb50px\u00a0\u00bb][\/vc_column][\/vc_row]<\/p>\n","protected":false},"excerpt":{"rendered":"<p>[vc_row][vc_column][vc_empty_space height=\u00a0\u00bb25px\u00a0\u00bb][vc_column_text css=\u00a0\u00bb.vc_custom_1489773021055{padding-right: 10% !important;padding-left: 10% !important;}\u00a0\u00bb] Notre programme d\u2019a\u00e9robie est si complet qu\u2019il convient \u00e0 tous; que vous soyez novice ou avanc\u00e9, que votre objectif<span class=\"excerpt-hellip\"> [\u2026]<\/span><\/p>\n","protected":false},"author":1,"featured_media":0,"parent":0,"menu_order":0,"comment_status":"open","ping_status":"open","template":"","meta":{"_monsterinsights_skip_tracking":false,"_monsterinsights_sitenote_active":false,"_monsterinsights_sitenote_note":"","_monsterinsights_sitenote_category":0,"footnotes":""},"class_list":["post-342","page","type-page","status-publish","hentry"],"yoast_head":"<!-- This site is optimized with the Yoast SEO plugin v27.0 - https:\/\/yoast.com\/product\/yoast-seo-wordpress\/ -->\n<title>PROGRAMME A\u00c9ROBIQUE - West-End Cavendish<\/title>\n<meta name=\"robots\" content=\"index, follow, max-snippet:-1, max-image-preview:large, max-video-preview:-1\" \/>\n<link rel=\"canonical\" href=\"https:\/\/westendcavendish.com\/fr\/aerobics-yoga-class\/\" \/>\n<meta property=\"og:locale\" content=\"fr_FR\" \/>\n<meta property=\"og:type\" content=\"article\" \/>\n<meta property=\"og:title\" content=\"PROGRAMME A\u00c9ROBIQUE - West-End Cavendish\" \/>\n<meta property=\"og:description\" content=\"[vc_row][vc_column][vc_empty_space height=\u00a0\u00bb25px\u00a0\u00bb][vc_column_text css=\u00a0\u00bb.vc_custom_1489773021055{padding-right: 10% !important;padding-left: 10% !important;}\u00a0\u00bb] Notre programme d\u2019a\u00e9robie est si complet qu\u2019il convient \u00e0 tous; que vous soyez novice ou avanc\u00e9, que votre objectif [\u2026]\" \/>\n<meta property=\"og:url\" content=\"https:\/\/westendcavendish.com\/fr\/aerobics-yoga-class\/\" \/>\n<meta property=\"og:site_name\" content=\"West-End Cavendish\" \/>\n<meta property=\"article:modified_time\" content=\"2018-06-14T17:13:57+00:00\" \/>\n<meta name=\"twitter:card\" content=\"summary_large_image\" \/>\n<meta name=\"twitter:label1\" content=\"Dur\u00e9e de lecture estim\u00e9e\" \/>\n\t<meta name=\"twitter:data1\" content=\"4 minutes\" \/>\n<script type=\"application\/ld+json\" class=\"yoast-schema-graph\">{\"@context\":\"https:\/\/schema.org\",\"@graph\":[{\"@type\":\"WebPage\",\"@id\":\"https:\/\/westendcavendish.com\/fr\/aerobics-yoga-class\/\",\"url\":\"https:\/\/westendcavendish.com\/fr\/aerobics-yoga-class\/\",\"name\":\"PROGRAMME A\u00c9ROBIQUE - West-End Cavendish\",\"isPartOf\":{\"@id\":\"https:\/\/westendcavendish.com\/#website\"},\"datePublished\":\"2017-03-15T21:43:56+00:00\",\"dateModified\":\"2018-06-14T17:13:57+00:00\",\"breadcrumb\":{\"@id\":\"https:\/\/westendcavendish.com\/fr\/aerobics-yoga-class\/#breadcrumb\"},\"inLanguage\":\"fr-FR\",\"potentialAction\":[{\"@type\":\"ReadAction\",\"target\":[\"https:\/\/westendcavendish.com\/fr\/aerobics-yoga-class\/\"]}]},{\"@type\":\"BreadcrumbList\",\"@id\":\"https:\/\/westendcavendish.com\/fr\/aerobics-yoga-class\/#breadcrumb\",\"itemListElement\":[{\"@type\":\"ListItem\",\"position\":1,\"name\":\"Home\",\"item\":\"https:\/\/westendcavendish.com\/fr\/\"},{\"@type\":\"ListItem\",\"position\":2,\"name\":\"PROGRAMME A\u00c9ROBIQUE\"}]},{\"@type\":\"WebSite\",\"@id\":\"https:\/\/westendcavendish.com\/#website\",\"url\":\"https:\/\/westendcavendish.com\/\",\"name\":\"West-End Cavendish\",\"description\":\"Athletic Club\",\"potentialAction\":[{\"@type\":\"SearchAction\",\"target\":{\"@type\":\"EntryPoint\",\"urlTemplate\":\"https:\/\/westendcavendish.com\/?s={search_term_string}\"},\"query-input\":{\"@type\":\"PropertyValueSpecification\",\"valueRequired\":true,\"valueName\":\"search_term_string\"}}],\"inLanguage\":\"fr-FR\"}]}<\/script>\n<!-- \/ Yoast SEO plugin. -->","yoast_head_json":{"title":"PROGRAMME A\u00c9ROBIQUE - West-End Cavendish","robots":{"index":"index","follow":"follow","max-snippet":"max-snippet:-1","max-image-preview":"max-image-preview:large","max-video-preview":"max-video-preview:-1"},"canonical":"https:\/\/westendcavendish.com\/fr\/aerobics-yoga-class\/","og_locale":"fr_FR","og_type":"article","og_title":"PROGRAMME A\u00c9ROBIQUE - West-End Cavendish","og_description":"[vc_row][vc_column][vc_empty_space height=\u00a0\u00bb25px\u00a0\u00bb][vc_column_text css=\u00a0\u00bb.vc_custom_1489773021055{padding-right: 10% !important;padding-left: 10% !important;}\u00a0\u00bb] Notre programme d\u2019a\u00e9robie est si complet qu\u2019il convient \u00e0 tous; que vous soyez novice ou avanc\u00e9, que votre objectif [\u2026]","og_url":"https:\/\/westendcavendish.com\/fr\/aerobics-yoga-class\/","og_site_name":"West-End Cavendish","article_modified_time":"2018-06-14T17:13:57+00:00","twitter_card":"summary_large_image","twitter_misc":{"Dur\u00e9e de lecture estim\u00e9e":"4 minutes"},"schema":{"@context":"https:\/\/schema.org","@graph":[{"@type":"WebPage","@id":"https:\/\/westendcavendish.com\/fr\/aerobics-yoga-class\/","url":"https:\/\/westendcavendish.com\/fr\/aerobics-yoga-class\/","name":"PROGRAMME A\u00c9ROBIQUE - West-End Cavendish","isPartOf":{"@id":"https:\/\/westendcavendish.com\/#website"},"datePublished":"2017-03-15T21:43:56+00:00","dateModified":"2018-06-14T17:13:57+00:00","breadcrumb":{"@id":"https:\/\/westendcavendish.com\/fr\/aerobics-yoga-class\/#breadcrumb"},"inLanguage":"fr-FR","potentialAction":[{"@type":"ReadAction","target":["https:\/\/westendcavendish.com\/fr\/aerobics-yoga-class\/"]}]},{"@type":"BreadcrumbList","@id":"https:\/\/westendcavendish.com\/fr\/aerobics-yoga-class\/#breadcrumb","itemListElement":[{"@type":"ListItem","position":1,"name":"Home","item":"https:\/\/westendcavendish.com\/fr\/"},{"@type":"ListItem","position":2,"name":"PROGRAMME A\u00c9ROBIQUE"}]},{"@type":"WebSite","@id":"https:\/\/westendcavendish.com\/#website","url":"https:\/\/westendcavendish.com\/","name":"West-End Cavendish","description":"Athletic Club","potentialAction":[{"@type":"SearchAction","target":{"@type":"EntryPoint","urlTemplate":"https:\/\/westendcavendish.com\/?s={search_term_string}"},"query-input":{"@type":"PropertyValueSpecification","valueRequired":true,"valueName":"search_term_string"}}],"inLanguage":"fr-FR"}]}},"_links":{"self":[{"href":"https:\/\/westendcavendish.com\/fr\/wp-json\/wp\/v2\/pages\/342","targetHints":{"allow":["GET"]}}],"collection":[{"href":"https:\/\/westendcavendish.com\/fr\/wp-json\/wp\/v2\/pages"}],"about":[{"href":"https:\/\/westendcavendish.com\/fr\/wp-json\/wp\/v2\/types\/page"}],"author":[{"embeddable":true,"href":"https:\/\/westendcavendish.com\/fr\/wp-json\/wp\/v2\/users\/1"}],"replies":[{"embeddable":true,"href":"https:\/\/westendcavendish.com\/fr\/wp-json\/wp\/v2\/comments?post=342"}],"version-history":[{"count":7,"href":"https:\/\/westendcavendish.com\/fr\/wp-json\/wp\/v2\/pages\/342\/revisions"}],"predecessor-version":[{"id":662,"href":"https:\/\/westendcavendish.com\/fr\/wp-json\/wp\/v2\/pages\/342\/revisions\/662"}],"wp:attachment":[{"href":"https:\/\/westendcavendish.com\/fr\/wp-json\/wp\/v2\/media?parent=342"}],"curies":[{"name":"wp","href":"https:\/\/api.w.org\/{rel}","templated":true}]}}