{"id":346,"date":"2017-03-15T22:01:10","date_gmt":"2017-03-15T22:01:10","guid":{"rendered":"http:\/\/westendcavendish.com\/kung-fu-kudoki-ku-jutsu\/"},"modified":"2024-03-01T06:56:52","modified_gmt":"2024-03-01T06:56:52","slug":"kung-fu-kudoki-ku-jutsu","status":"publish","type":"page","link":"https:\/\/westendcavendish.com\/fr\/kung-fu-kudoki-ku-jutsu\/","title":{"rendered":"KUNG-FU \/ KUDOKI \/ KU-JUTSU"},"content":{"rendered":"<p>[vc_row][vc_column][vc_empty_space height=\u00a0\u00bb25px\u00a0\u00bb][vc_column_text]<\/p>\n<h1 style=\"text-align: center;\">Abonnement pour Kudoki<\/h1>\n<p style=\"text-align: center;\">Enseign\u00e9 par Sifu Max Laredo et Sifu Nick Papadakis.<\/p>\n<p style=\"text-align: center;\">CONTRACT D&rsquo;UN AN<\/p>\n<p style=\"text-align: center;\"><span class=\"price-b\">$600 <\/span>+tax (15 ans +) COMPREND GYM<\/p>\n<p style=\"text-align: center;\">$450 + tax (8 ans <span class=\"Y2IQFc\" lang=\"fr\">\u00e0 14 ans)<\/span><\/p>\n<p style=\"text-align: center;\">Appelez au: (514)489-6879<\/p>\n<p style=\"text-align: center;\">Pour plus d\u2019informations, cliquez sur le lien ci-dessous:<br \/>\n<a href=\"http:\/\/www.kudoki.ca\">www.kudoki.ca<\/a><\/p>\n<p>[\/vc_column_text][\/vc_column][\/vc_row][vc_row ult_hide_row=\u00a0\u00bbult_hide_row_value\u00a0\u00bb ult_hide_row_mobile=\u00a0\u00bbmobile\u00a0\u00bb ult_hide_row_mobile_large=\u00a0\u00bbxl_mobile\u00a0\u00bb][vc_column offset=\u00a0\u00bbvc_hidden-sm vc_hidden-xs\u00a0\u00bb][vc_empty_space height=\u00a0\u00bb25px\u00a0\u00bb][vc_column_text]<\/p>\n<p><center>[wpsm_comparison_table id=\u00a0\u00bb12&Prime; class=\u00a0\u00bbcenter-table-align\u00a0\u00bb]\u00a0<\/center>[\/vc_column_text][vc_empty_space][\/vc_column][\/vc_row][vc_row ult_hide_row=\u00a0\u00bbult_hide_row_value\u00a0\u00bb ult_hide_row_mobile=\u00a0\u00bbmobile\u00a0\u00bb ult_hide_row_mobile_large=\u00a0\u00bbxl_mobile\u00a0\u00bb][vc_column offset=\u00a0\u00bbvc_hidden-lg vc_hidden-md\u00a0\u00bb][vc_empty_space height=\u00a0\u00bb25px\u00a0\u00bb][vc_column_text]<\/p>\n<p><center>[wpsm_comparison_table id=\u00a0\u00bb13&Prime; class=\u00a0\u00bbcenter-table-align\u00a0\u00bb]\u00a0<\/center>[\/vc_column_text][vc_empty_space][\/vc_column][\/vc_row][vc_row full_width=\u00a0\u00bbstretch_row_content\u00a0\u00bb el_class=\u00a0\u00bbdark\u00a0\u00bb css=\u00a0\u00bb.vc_custom_1489599173442{padding-top: 2% !important;padding-bottom: 2% !important;background-color: #000000 !important;}\u00a0\u00bb][vc_column width=\u00a0\u00bb2\/3&Prime; css=\u00a0\u00bb.vc_custom_1489440024041{padding-top: 15px !important;padding-bottom: 15px !important;}\u00a0\u00bb][vc_column_text]<\/p>\n<h3 style=\"text-align: right;\">VISITEZ NOTRE ESPACE ET APPRENEZ-EN PLUS SUR NOUS<\/h3>\n<p>[\/vc_column_text][\/vc_column][vc_column width=\u00a0\u00bb1\/3&Prime;][vc_btn title=\u00a0\u00bbCONTACTEZ-NOUS\u00a0\u00bb style=\u00a0\u00bboutline\u00a0\u00bb shape=\u00a0\u00bbsquare\u00a0\u00bb color=\u00a0\u00bbwhite\u00a0\u00bb link=\u00a0\u00bburl:%23|||\u00a0\u00bb][\/vc_column][\/vc_row][vc_row][vc_column css=\u00a0\u00bb.vc_custom_1489599626485{padding-top: 2% !important;padding-bottom: 2% !important;}\u00a0\u00bb][vc_empty_space height=\u00a0\u00bb10px\u00a0\u00bb][vc_column_text]<\/p>\n<h3 style=\"text-align: center;\">LES COURS<\/h3>\n<p>[\/vc_column_text][\/vc_column][\/vc_row][vc_row css=\u00a0\u00bb.vc_custom_1489600144620{padding-bottom: 1% !important;}\u00a0\u00bb][vc_column width=\u00a0\u00bb1\/2&Prime;][vc_btn title=\u00a0\u00bbFITNESS &amp; TRAINING\u00a0\u00bb style=\u00a0\u00bboutline-custom\u00a0\u00bb outline_custom_color=\u00a0\u00bb#696969&Prime; outline_custom_hover_background=\u00a0\u00bbrgba(10,10,10,0.12)\u00a0\u00bb outline_custom_hover_text=\u00a0\u00bb#696969&Prime; shape=\u00a0\u00bbsquare\u00a0\u00bb align=\u00a0\u00bbcenter\u00a0\u00bb button_block=\u00a0\u00bbtrue\u00a0\u00bb link=\u00a0\u00bburl:http%3A%2F%2Fwestendcavendish.com%2Ffitness-training%2F|||\u00a0\u00bb][\/vc_column][vc_column width=\u00a0\u00bb1\/2&Prime;][vc_btn title=\u00a0\u00bbPROGRAMME A\u00c9ROBIQUE\u00a0\u00bb style=\u00a0\u00bboutline-custom\u00a0\u00bb outline_custom_color=\u00a0\u00bb#696969&Prime; outline_custom_hover_background=\u00a0\u00bbrgba(10,10,10,0.12)\u00a0\u00bb outline_custom_hover_text=\u00a0\u00bb#696969&Prime; shape=\u00a0\u00bbsquare\u00a0\u00bb align=\u00a0\u00bbcenter\u00a0\u00bb button_block=\u00a0\u00bbtrue\u00a0\u00bb link=\u00a0\u00bburl:http%3A%2F%2Fwestendcavendish.com%2Faerobics-yoga-class%2F|||\u00a0\u00bb][\/vc_column][\/vc_row][vc_row][vc_column width=\u00a0\u00bb1\/2&Prime;][vc_btn title=\u00a0\u00bbTERRAINS DE SQUASH \/ RAQUETBALL \/ BASKETBALL\u00a0\u00bb style=\u00a0\u00bboutline-custom\u00a0\u00bb outline_custom_color=\u00a0\u00bb#696969&Prime; outline_custom_hover_background=\u00a0\u00bbrgba(10,10,10,0.12)\u00a0\u00bb outline_custom_hover_text=\u00a0\u00bb#696969&Prime; shape=\u00a0\u00bbsquare\u00a0\u00bb align=\u00a0\u00bbcenter\u00a0\u00bb button_block=\u00a0\u00bbtrue\u00a0\u00bb link=\u00a0\u00bburl:http%3A%2F%2Fwestendcavendish.com%2Fsquash-raquetball-courts%2F|||\u00a0\u00bb][\/vc_column][vc_column width=\u00a0\u00bb1\/2&Prime;][vc_btn title=\u00a0\u00bbNATATION \/ AQUA-AEROBIQUE\u00a0\u00bb style=\u00a0\u00bboutline-custom\u00a0\u00bb outline_custom_color=\u00a0\u00bb#696969&Prime; outline_custom_hover_background=\u00a0\u00bbrgba(10,10,10,0.12)\u00a0\u00bb outline_custom_hover_text=\u00a0\u00bb#696969&Prime; shape=\u00a0\u00bbsquare\u00a0\u00bb align=\u00a0\u00bbcenter\u00a0\u00bb button_block=\u00a0\u00bbtrue\u00a0\u00bb link=\u00a0\u00bburl:http%3A%2F%2Fwestendcavendish.com%2Fswimming-aqua-aerobics-class%2F|||\u00a0\u00bb][\/vc_column][\/vc_row][vc_row][vc_column][vc_empty_space height=\u00a0\u00bb50px\u00a0\u00bb][\/vc_column][\/vc_row]<\/p>\n","protected":false},"excerpt":{"rendered":"<p>[vc_row][vc_column][vc_empty_space height=\u00a0\u00bb25px\u00a0\u00bb][vc_column_text] Abonnement pour Kudoki Enseign\u00e9 par Sifu Max Laredo et Sifu Nick Papadakis. CONTRACT D&rsquo;UN AN $600 +tax (15 ans +) COMPREND GYM $450 +<span class=\"excerpt-hellip\"> [\u2026]<\/span><\/p>\n","protected":false},"author":1,"featured_media":0,"parent":0,"menu_order":0,"comment_status":"open","ping_status":"open","template":"","meta":{"_monsterinsights_skip_tracking":false,"_monsterinsights_sitenote_active":false,"_monsterinsights_sitenote_note":"","_monsterinsights_sitenote_category":0,"footnotes":""},"class_list":["post-346","page","type-page","status-publish","hentry"],"yoast_head":"<!-- This site is optimized with the Yoast SEO plugin v27.0 - https:\/\/yoast.com\/product\/yoast-seo-wordpress\/ -->\n<title>Arts martiaux Montr\u00e9al | West-End Cavendish<\/title>\n<meta name=\"description\" content=\"Vous cherchez un complexe sportif pour pratiquer les arts martiaux \u00e0 Montr\u00e9al ? West-end Cavendish vous propose des cours de Kung-Fu, Kudoki et Ku-Jutsu.\" \/>\n<meta name=\"robots\" content=\"index, follow, max-snippet:-1, max-image-preview:large, max-video-preview:-1\" \/>\n<link rel=\"canonical\" href=\"https:\/\/westendcavendish.com\/fr\/kung-fu-kudoki-ku-jutsu\/\" \/>\n<meta property=\"og:locale\" content=\"fr_FR\" \/>\n<meta property=\"og:type\" content=\"article\" \/>\n<meta property=\"og:title\" content=\"Arts martiaux Montr\u00e9al | West-End Cavendish\" \/>\n<meta property=\"og:description\" content=\"Vous cherchez un complexe sportif pour pratiquer les arts martiaux \u00e0 Montr\u00e9al ? West-end Cavendish vous propose des cours de Kung-Fu, Kudoki et Ku-Jutsu.\" \/>\n<meta property=\"og:url\" content=\"https:\/\/westendcavendish.com\/fr\/kung-fu-kudoki-ku-jutsu\/\" \/>\n<meta property=\"og:site_name\" content=\"West-End Cavendish\" \/>\n<meta property=\"article:modified_time\" content=\"2024-03-01T06:56:52+00:00\" \/>\n<meta name=\"twitter:card\" content=\"summary_large_image\" \/>\n<meta name=\"twitter:label1\" content=\"Dur\u00e9e de lecture estim\u00e9e\" \/>\n\t<meta name=\"twitter:data1\" content=\"1 minute\" \/>\n<script type=\"application\/ld+json\" class=\"yoast-schema-graph\">{\"@context\":\"https:\/\/schema.org\",\"@graph\":[{\"@type\":\"WebPage\",\"@id\":\"https:\/\/westendcavendish.com\/fr\/kung-fu-kudoki-ku-jutsu\/\",\"url\":\"https:\/\/westendcavendish.com\/fr\/kung-fu-kudoki-ku-jutsu\/\",\"name\":\"Arts martiaux Montr\u00e9al | West-End Cavendish\",\"isPartOf\":{\"@id\":\"https:\/\/westendcavendish.com\/#website\"},\"datePublished\":\"2017-03-15T22:01:10+00:00\",\"dateModified\":\"2024-03-01T06:56:52+00:00\",\"description\":\"Vous cherchez un complexe sportif pour pratiquer les arts martiaux \u00e0 Montr\u00e9al ? West-end Cavendish vous propose des cours de Kung-Fu, Kudoki et Ku-Jutsu.\",\"breadcrumb\":{\"@id\":\"https:\/\/westendcavendish.com\/fr\/kung-fu-kudoki-ku-jutsu\/#breadcrumb\"},\"inLanguage\":\"fr-FR\",\"potentialAction\":[{\"@type\":\"ReadAction\",\"target\":[\"https:\/\/westendcavendish.com\/fr\/kung-fu-kudoki-ku-jutsu\/\"]}]},{\"@type\":\"BreadcrumbList\",\"@id\":\"https:\/\/westendcavendish.com\/fr\/kung-fu-kudoki-ku-jutsu\/#breadcrumb\",\"itemListElement\":[{\"@type\":\"ListItem\",\"position\":1,\"name\":\"Home\",\"item\":\"https:\/\/westendcavendish.com\/fr\/\"},{\"@type\":\"ListItem\",\"position\":2,\"name\":\"KUNG-FU \/ KUDOKI \/ KU-JUTSU\"}]},{\"@type\":\"WebSite\",\"@id\":\"https:\/\/westendcavendish.com\/#website\",\"url\":\"https:\/\/westendcavendish.com\/\",\"name\":\"West-End Cavendish\",\"description\":\"Athletic Club\",\"potentialAction\":[{\"@type\":\"SearchAction\",\"target\":{\"@type\":\"EntryPoint\",\"urlTemplate\":\"https:\/\/westendcavendish.com\/?s={search_term_string}\"},\"query-input\":{\"@type\":\"PropertyValueSpecification\",\"valueRequired\":true,\"valueName\":\"search_term_string\"}}],\"inLanguage\":\"fr-FR\"}]}<\/script>\n<!-- \/ Yoast SEO plugin. -->","yoast_head_json":{"title":"Arts martiaux Montr\u00e9al | West-End Cavendish","description":"Vous cherchez un complexe sportif pour pratiquer les arts martiaux \u00e0 Montr\u00e9al ? West-end Cavendish vous propose des cours de Kung-Fu, Kudoki et Ku-Jutsu.","robots":{"index":"index","follow":"follow","max-snippet":"max-snippet:-1","max-image-preview":"max-image-preview:large","max-video-preview":"max-video-preview:-1"},"canonical":"https:\/\/westendcavendish.com\/fr\/kung-fu-kudoki-ku-jutsu\/","og_locale":"fr_FR","og_type":"article","og_title":"Arts martiaux Montr\u00e9al | West-End Cavendish","og_description":"Vous cherchez un complexe sportif pour pratiquer les arts martiaux \u00e0 Montr\u00e9al ? West-end Cavendish vous propose des cours de Kung-Fu, Kudoki et Ku-Jutsu.","og_url":"https:\/\/westendcavendish.com\/fr\/kung-fu-kudoki-ku-jutsu\/","og_site_name":"West-End Cavendish","article_modified_time":"2024-03-01T06:56:52+00:00","twitter_card":"summary_large_image","twitter_misc":{"Dur\u00e9e de lecture estim\u00e9e":"1 minute"},"schema":{"@context":"https:\/\/schema.org","@graph":[{"@type":"WebPage","@id":"https:\/\/westendcavendish.com\/fr\/kung-fu-kudoki-ku-jutsu\/","url":"https:\/\/westendcavendish.com\/fr\/kung-fu-kudoki-ku-jutsu\/","name":"Arts martiaux Montr\u00e9al | West-End Cavendish","isPartOf":{"@id":"https:\/\/westendcavendish.com\/#website"},"datePublished":"2017-03-15T22:01:10+00:00","dateModified":"2024-03-01T06:56:52+00:00","description":"Vous cherchez un complexe sportif pour pratiquer les arts martiaux \u00e0 Montr\u00e9al ? West-end Cavendish vous propose des cours de Kung-Fu, Kudoki et Ku-Jutsu.","breadcrumb":{"@id":"https:\/\/westendcavendish.com\/fr\/kung-fu-kudoki-ku-jutsu\/#breadcrumb"},"inLanguage":"fr-FR","potentialAction":[{"@type":"ReadAction","target":["https:\/\/westendcavendish.com\/fr\/kung-fu-kudoki-ku-jutsu\/"]}]},{"@type":"BreadcrumbList","@id":"https:\/\/westendcavendish.com\/fr\/kung-fu-kudoki-ku-jutsu\/#breadcrumb","itemListElement":[{"@type":"ListItem","position":1,"name":"Home","item":"https:\/\/westendcavendish.com\/fr\/"},{"@type":"ListItem","position":2,"name":"KUNG-FU \/ KUDOKI \/ KU-JUTSU"}]},{"@type":"WebSite","@id":"https:\/\/westendcavendish.com\/#website","url":"https:\/\/westendcavendish.com\/","name":"West-End Cavendish","description":"Athletic Club","potentialAction":[{"@type":"SearchAction","target":{"@type":"EntryPoint","urlTemplate":"https:\/\/westendcavendish.com\/?s={search_term_string}"},"query-input":{"@type":"PropertyValueSpecification","valueRequired":true,"valueName":"search_term_string"}}],"inLanguage":"fr-FR"}]}},"_links":{"self":[{"href":"https:\/\/westendcavendish.com\/fr\/wp-json\/wp\/v2\/pages\/346","targetHints":{"allow":["GET"]}}],"collection":[{"href":"https:\/\/westendcavendish.com\/fr\/wp-json\/wp\/v2\/pages"}],"about":[{"href":"https:\/\/westendcavendish.com\/fr\/wp-json\/wp\/v2\/types\/page"}],"author":[{"embeddable":true,"href":"https:\/\/westendcavendish.com\/fr\/wp-json\/wp\/v2\/users\/1"}],"replies":[{"embeddable":true,"href":"https:\/\/westendcavendish.com\/fr\/wp-json\/wp\/v2\/comments?post=346"}],"version-history":[{"count":19,"href":"https:\/\/westendcavendish.com\/fr\/wp-json\/wp\/v2\/pages\/346\/revisions"}],"predecessor-version":[{"id":2742,"href":"https:\/\/westendcavendish.com\/fr\/wp-json\/wp\/v2\/pages\/346\/revisions\/2742"}],"wp:attachment":[{"href":"https:\/\/westendcavendish.com\/fr\/wp-json\/wp\/v2\/media?parent=346"}],"curies":[{"name":"wp","href":"https:\/\/api.w.org\/{rel}","templated":true}]}}