{"id":552,"date":"2017-09-21T16:34:16","date_gmt":"2017-09-21T16:34:16","guid":{"rendered":"http:\/\/westendcavendish.com\/class-descriptions\/"},"modified":"2018-06-14T16:51:07","modified_gmt":"2018-06-14T16:51:07","slug":"class-descriptions","status":"publish","type":"page","link":"https:\/\/westendcavendish.com\/fr\/class-descriptions\/","title":{"rendered":"CLASS DESCRIPTIONS"},"content":{"rendered":"<p>[vc_row css=\u00a0\u00bb.vc_custom_1489698544227{padding-top: 3% !important;padding-bottom: 3% !important;}\u00a0\u00bb el_id=\u00a0\u00bbabout\u00a0\u00bb][vc_column][vc_column_text]<\/p>\n<h1 style=\"text-align: center;\">DESCRIPTIONS des classes<span class=\"themecolor\">.<\/span><\/h1>\n<p>[\/vc_column_text][\/vc_column][\/vc_row][vc_row equal_height=\u00a0\u00bbyes\u00a0\u00bb content_placement=\u00a0\u00bbmiddle\u00a0\u00bb][vc_column width=\u00a0\u00bb1\/3&Prime; css=\u00a0\u00bb.vc_custom_1506012798436{border-top-width: 1px !important;border-bottom-width: 1px !important;border-left-width: 1px !important;padding-top: 25px !important;padding-right: 40px !important;padding-bottom: 25px !important;padding-left: 40px !important;border-left-color: #dddddd !important;border-left-style: solid !important;border-top-color: #dddddd !important;border-top-style: solid !important;border-bottom-color: #dddddd !important;border-bottom-style: solid !important;}\u00a0\u00bb][vc_column_text]<\/p>\n<p style=\"text-align: center;\"><b>Operation Sweat!<br \/>\n<\/b>Con\u00e7u pour renforcer le syst\u00e8me cardiovasculaire, tonifier les muscles, et augmenter l&rsquo;\u00e9quilibre, la flexibilit\u00e9, l&rsquo;endurance et la vitesse. Parfait pour les niveaux de fitness interm\u00e9diaires \u00e0 avanc\u00e9s. Pr\u00e9parez-vous \u00e0 suer et \u00e0 vous pousser au niveau suivant<b><br \/>\n<\/b><\/p>\n<p>[\/vc_column_text][\/vc_column][vc_column width=\u00a0\u00bb1\/3&Prime; css=\u00a0\u00bb.vc_custom_1506012814163{border-top-width: 1px !important;border-bottom-width: 1px !important;border-left-width: 1px !important;padding-top: 25px !important;padding-right: 40px !important;padding-bottom: 25px !important;padding-left: 40px !important;background-color: #f5f5f5 !important;border-left-color: #dddddd !important;border-left-style: solid !important;border-top-color: #dddddd !important;border-top-style: solid !important;border-bottom-color: #dddddd !important;border-bottom-style: solid !important;}\u00a0\u00bb][vc_column_text]<\/p>\n<p style=\"text-align: center;\"><b>Zumba<\/b><br \/>\nUn entra\u00eenement cardio dynamique \u00e0 faible impact qui implique la danse et les mouvements a\u00e9robies effectu\u00e9s \u00e0 la musique \u00e9nergique. La chor\u00e9graphie comprend hip-hop, Soca, Samba, salsa, merengue et Mambo.<\/p>\n<p>[\/vc_column_text][\/vc_column][vc_column width=\u00a0\u00bb1\/3&Prime; css=\u00a0\u00bb.vc_custom_1506012829705{border-top-width: 1px !important;border-right-width: 1px !important;border-bottom-width: 1px !important;border-left-width: 1px !important;padding-top: 25px !important;padding-right: 40px !important;padding-bottom: 25px !important;padding-left: 40px !important;border-left-color: #dddddd !important;border-left-style: solid !important;border-right-color: #dddddd !important;border-right-style: solid !important;border-top-color: #dddddd !important;border-top-style: solid !important;border-bottom-color: #dddddd !important;border-bottom-style: solid !important;}\u00a0\u00bb][vc_column_text]<\/p>\n<p style=\"text-align: center;\"><b>Int.formation<\/b><br \/>\nImplique une s\u00e9rie d&rsquo;entra\u00eenements d&rsquo;exercice de faible \u00e0 haute intensit\u00e9 entrecoup\u00e9es de p\u00e9riodes de repos ou de soulagement en utilisant des poids libres et le poids corporel.<\/p>\n<p>[\/vc_column_text][\/vc_column][\/vc_row][vc_row equal_height=\u00a0\u00bbyes\u00a0\u00bb content_placement=\u00a0\u00bbmiddle\u00a0\u00bb][vc_column width=\u00a0\u00bb1\/3&Prime; css=\u00a0\u00bb.vc_custom_1506013150251{border-top-width: 1px !important;border-bottom-width: 1px !important;border-left-width: 1px !important;padding-top: 25px !important;padding-right: 40px !important;padding-bottom: 25px !important;padding-left: 40px !important;background-color: #f5f5f5 !important;border-left-color: #dddddd !important;border-left-style: solid !important;border-top-color: #dddddd !important;border-top-style: solid !important;border-bottom-color: #dddddd !important;border-bottom-style: solid !important;}\u00a0\u00bb][vc_column_text]<\/p>\n<p style=\"text-align: center;\"><b>Tonalit\u00e9 totale<\/b><br \/>\nImplique l&rsquo;entra\u00eenement de force utilisant les poids libres, les mouvements de poids corporel et l&rsquo;\u00e9tirement. Pr\u00e9parez-vous \u00e0 tonifier votre corps tout entier!<\/p>\n<p>[\/vc_column_text][\/vc_column][vc_column width=\u00a0\u00bb1\/3&Prime; css=\u00a0\u00bb.vc_custom_1506013158374{border-top-width: 1px !important;border-bottom-width: 1px !important;border-left-width: 1px !important;padding-top: 25px !important;padding-right: 40px !important;padding-bottom: 25px !important;padding-left: 40px !important;border-left-color: #dddddd !important;border-left-style: solid !important;border-top-color: #dddddd !important;border-top-style: solid !important;border-bottom-color: #dddddd !important;border-bottom-style: solid !important;}\u00a0\u00bb][vc_column_text]<\/p>\n<p style=\"text-align: center;\"><b>AfroCarribbean<\/b><br \/>\nCette classe unit la danse, le rythme et la chanson. Il cr\u00e9e un environnement et une communaut\u00e9 de danse qui nourrit, gu\u00e9rit, renouvelle et inspire le corps et l&rsquo;esprit.<\/p>\n<p>[\/vc_column_text][\/vc_column][vc_column width=\u00a0\u00bb1\/3&Prime; css=\u00a0\u00bb.vc_custom_1506013163962{border-top-width: 1px !important;border-right-width: 1px !important;border-bottom-width: 1px !important;border-left-width: 1px !important;padding-top: 25px !important;padding-right: 40px !important;padding-bottom: 25px !important;padding-left: 40px !important;background-color: #f5f5f5 !important;border-left-color: #dddddd !important;border-left-style: solid !important;border-right-color: #dddddd !important;border-right-style: solid !important;border-top-color: #dddddd !important;border-top-style: solid !important;border-bottom-color: #dddddd !important;border-bottom-style: solid !important;}\u00a0\u00bb][vc_column_text]<\/p>\n<p style=\"text-align: center;\"><b>ABT de base<\/b><br \/>\nCette classe se concentre sur le travail abdominal raffermissant vers le haut transversale, oblique, et rectus abdominus. Un noyau fort aide \u00e0 contribuer \u00e0 la force globale. Pr\u00e9parez-vous \u00e0 sentir la br\u00fblure!<\/p>\n<p>[\/vc_column_text][\/vc_column][\/vc_row][vc_row equal_height=\u00a0\u00bbyes\u00a0\u00bb content_placement=\u00a0\u00bbmiddle\u00a0\u00bb][vc_column width=\u00a0\u00bb1\/3&Prime; css=\u00a0\u00bb.vc_custom_1506012798436{border-top-width: 1px !important;border-bottom-width: 1px !important;border-left-width: 1px !important;padding-top: 25px !important;padding-right: 40px !important;padding-bottom: 25px !important;padding-left: 40px !important;border-left-color: #dddddd !important;border-left-style: solid !important;border-top-color: #dddddd !important;border-top-style: solid !important;border-bottom-color: #dddddd !important;border-bottom-style: solid !important;}\u00a0\u00bb][vc_column_text]<\/p>\n<p style=\"text-align: center;\"><b>Int. tonification<\/b><br \/>\nPr\u00e9parez-vous \u00e0 tonifier votre corps tout entier avec des mouvements de musculation et de modelage du corps.<\/p>\n<p>[\/vc_column_text][\/vc_column][vc_column width=\u00a0\u00bb1\/3&Prime; css=\u00a0\u00bb.vc_custom_1506012814163{border-top-width: 1px !important;border-bottom-width: 1px !important;border-left-width: 1px !important;padding-top: 25px !important;padding-right: 40px !important;padding-bottom: 25px !important;padding-left: 40px !important;background-color: #f5f5f5 !important;border-left-color: #dddddd !important;border-left-style: solid !important;border-top-color: #dddddd !important;border-top-style: solid !important;border-bottom-color: #dddddd !important;border-bottom-style: solid !important;}\u00a0\u00bb][vc_column_text]<\/p>\n<p style=\"text-align: center;\"><b>Body Design<\/b><br \/>\nTonifier le corps avec des halt\u00e8res en se concentrant sur les bras, les jambes et le noyau.<\/p>\n<p>[\/vc_column_text][\/vc_column][vc_column width=\u00a0\u00bb1\/3&Prime; css=\u00a0\u00bb.vc_custom_1506012829705{border-top-width: 1px !important;border-right-width: 1px !important;border-bottom-width: 1px !important;border-left-width: 1px !important;padding-top: 25px !important;padding-right: 40px !important;padding-bottom: 25px !important;padding-left: 40px !important;border-left-color: #dddddd !important;border-left-style: solid !important;border-right-color: #dddddd !important;border-right-style: solid !important;border-top-color: #dddddd !important;border-top-style: solid !important;border-bottom-color: #dddddd !important;border-bottom-style: solid !important;}\u00a0\u00bb][vc_column_text]<\/p>\n<p style=\"text-align: center;\"><b>Forme avec la torsion<\/b><br \/>\nClasse de forme physique globale, qui incorpore, a\u00e9robic, formation de balle de stabilit\u00e9, planeurs, bandes de r\u00e9sistance et plus.<\/p>\n<p>[\/vc_column_text][\/vc_column][\/vc_row][vc_row equal_height=\u00a0\u00bbyes\u00a0\u00bb content_placement=\u00a0\u00bbmiddle\u00a0\u00bb][vc_column width=\u00a0\u00bb1\/3&Prime; css=\u00a0\u00bb.vc_custom_1506013150251{border-top-width: 1px !important;border-bottom-width: 1px !important;border-left-width: 1px !important;padding-top: 25px !important;padding-right: 40px !important;padding-bottom: 25px !important;padding-left: 40px !important;background-color: #f5f5f5 !important;border-left-color: #dddddd !important;border-left-style: solid !important;border-top-color: #dddddd !important;border-top-style: solid !important;border-bottom-color: #dddddd !important;border-bottom-style: solid !important;}\u00a0\u00bb][vc_column_text]<\/p>\n<p style=\"text-align: center;\"><b>Cardio Sculpt<\/b><br \/>\nUn entra\u00eenement de corps total, pompage cardiaque, a\u00e9robie et musculation. Cette classe combine l&rsquo;entra\u00eenement de force de plein-corps, kickboxing avec les \u00e9clats cardio de haute intensit\u00e9 con\u00e7us pour tonifier votre corps et pour am\u00e9liorer votre endurance.<\/p>\n<p>[\/vc_column_text][\/vc_column][vc_column width=\u00a0\u00bb1\/3&Prime; css=\u00a0\u00bb.vc_custom_1506013158374{border-top-width: 1px !important;border-bottom-width: 1px !important;border-left-width: 1px !important;padding-top: 25px !important;padding-right: 40px !important;padding-bottom: 25px !important;padding-left: 40px !important;border-left-color: #dddddd !important;border-left-style: solid !important;border-top-color: #dddddd !important;border-top-style: solid !important;border-bottom-color: #dddddd !important;border-bottom-style: solid !important;}\u00a0\u00bb][vc_column_text]<\/p>\n<p style=\"text-align: center;\"><b>HIIT<\/b><br \/>\nConditionnement de corps total, le pompage de coeur, a\u00e9robie et l&rsquo;entra\u00eenement de force. Cette classe bas\u00e9e sur l&rsquo;intervalle combine l&rsquo;entra\u00eenement de force de plein-corps avec des \u00e9clats cardio de haute intensit\u00e9 con\u00e7us pour tonifier votre corps et pour am\u00e9liorer votre endurance.<\/p>\n<p>[\/vc_column_text][\/vc_column][vc_column width=\u00a0\u00bb1\/3&Prime; css=\u00a0\u00bb.vc_custom_1506013163962{border-top-width: 1px !important;border-right-width: 1px !important;border-bottom-width: 1px !important;border-left-width: 1px !important;padding-top: 25px !important;padding-right: 40px !important;padding-bottom: 25px !important;padding-left: 40px !important;background-color: #f5f5f5 !important;border-left-color: #dddddd !important;border-left-style: solid !important;border-right-color: #dddddd !important;border-right-style: solid !important;border-top-color: #dddddd !important;border-top-style: solid !important;border-bottom-color: #dddddd !important;border-bottom-style: solid !important;}\u00a0\u00bb][vc_column_text]<\/p>\n<p style=\"text-align: center;\"><b>Bootcamp<\/b><br \/>\nCette s\u00e9ance d&rsquo;entra\u00eenement classique renforce l&rsquo;endurance et la force \u00e0 travers les mouvements quotidiens \u00e0 diverses intensit\u00e9s.<\/p>\n<p>[\/vc_column_text][\/vc_column][\/vc_row][vc_row equal_height=\u00a0\u00bbyes\u00a0\u00bb content_placement=\u00a0\u00bbmiddle\u00a0\u00bb][vc_column width=\u00a0\u00bb1\/3&Prime; css=\u00a0\u00bb.vc_custom_1506012798436{border-top-width: 1px !important;border-bottom-width: 1px !important;border-left-width: 1px !important;padding-top: 25px !important;padding-right: 40px !important;padding-bottom: 25px !important;padding-left: 40px !important;border-left-color: #dddddd !important;border-left-style: solid !important;border-top-color: #dddddd !important;border-top-style: solid !important;border-bottom-color: #dddddd !important;border-bottom-style: solid !important;}\u00a0\u00bb][vc_column_text]<\/p>\n<p style=\"text-align: center;\"><b>Adv. Bodysculpt<\/b><br \/>\nClasse intensive d&rsquo;une heure se concentrant sur le corps entier. Utilisant l&rsquo;\u00e9quipement et les exercices de poids corporel, cette classe se concentre sur la tonification des muscles en combinaison avec des intervalles de cardio intermittents.<\/p>\n<p>[\/vc_column_text][\/vc_column][vc_column width=\u00a0\u00bb1\/3&Prime; css=\u00a0\u00bb.vc_custom_1506012814163{border-top-width: 1px !important;border-bottom-width: 1px !important;border-left-width: 1px !important;padding-top: 25px !important;padding-right: 40px !important;padding-bottom: 25px !important;padding-left: 40px !important;background-color: #f5f5f5 !important;border-left-color: #dddddd !important;border-left-style: solid !important;border-top-color: #dddddd !important;border-top-style: solid !important;border-bottom-color: #dddddd !important;border-bottom-style: solid !important;}\u00a0\u00bb][vc_column_text]<\/p>\n<p style=\"text-align: center;\"><b>Mat Pilates<\/b><br \/>\nMouvements traditionnels de Pilates sur le plancher utilisant la r\u00e9sistance de corps qui se concentre sur la stabilit\u00e9 et la flexibilit\u00e9 du noyau.<\/p>\n<p>[\/vc_column_text][\/vc_column][vc_column width=\u00a0\u00bb1\/3&Prime; css=\u00a0\u00bb.vc_custom_1506012829705{border-top-width: 1px !important;border-right-width: 1px !important;border-bottom-width: 1px !important;border-left-width: 1px !important;padding-top: 25px !important;padding-right: 40px !important;padding-bottom: 25px !important;padding-left: 40px !important;border-left-color: #dddddd !important;border-left-style: solid !important;border-right-color: #dddddd !important;border-right-style: solid !important;border-top-color: #dddddd !important;border-top-style: solid !important;border-bottom-color: #dddddd !important;border-bottom-style: solid !important;}\u00a0\u00bb][vc_column_text]<\/p>\n<p style=\"text-align: center;\"><b>Yoga\/Hatha<\/b><br \/>\nUne pratique de yoga douce con\u00e7u pour soulager le stress, et de renforcer la connexion corps-esprit.<\/p>\n<p>[\/vc_column_text][\/vc_column][\/vc_row][vc_row equal_height=\u00a0\u00bbyes\u00a0\u00bb content_placement=\u00a0\u00bbmiddle\u00a0\u00bb][vc_column width=\u00a0\u00bb1\/3&Prime; css=\u00a0\u00bb.vc_custom_1506013150251{border-top-width: 1px !important;border-bottom-width: 1px !important;border-left-width: 1px !important;padding-top: 25px !important;padding-right: 40px !important;padding-bottom: 25px !important;padding-left: 40px !important;background-color: #f5f5f5 !important;border-left-color: #dddddd !important;border-left-style: solid !important;border-top-color: #dddddd !important;border-top-style: solid !important;border-bottom-color: #dddddd !important;border-bottom-style: solid !important;}\u00a0\u00bb][vc_column_text]<\/p>\n<p style=\"text-align: center;\"><b>Yoga\/Power<\/b><br \/>\nCon\u00e7u pour les yogis exp\u00e9riment\u00e9s, cette pratique intense permettra d&rsquo;am\u00e9liorer la cardio, la condition physique et la souplesse.<\/p>\n<p>[\/vc_column_text][\/vc_column][vc_column width=\u00a0\u00bb1\/3&Prime; css=\u00a0\u00bb.vc_custom_1506013158374{border-top-width: 1px !important;border-bottom-width: 1px !important;border-left-width: 1px !important;padding-top: 25px !important;padding-right: 40px !important;padding-bottom: 25px !important;padding-left: 40px !important;border-left-color: #dddddd !important;border-left-style: solid !important;border-top-color: #dddddd !important;border-top-style: solid !important;border-bottom-color: #dddddd !important;border-bottom-style: solid !important;}\u00a0\u00bb][vc_column_text]<\/p>\n<p style=\"text-align: center;\"><b>Yogalates<\/b><br \/>\nUne classe de fusion Pilates-yoga qui met l&rsquo;accent sur les comp\u00e9tences essentielles pour une bonne ex\u00e9cution des mouvements. Activez, isolez et stabilisez les muscles du noyau profond tout en am\u00e9liorant la posture, la souplesse, l&rsquo;\u00e9quilibre et la force globale du corps.<\/p>\n<p>[\/vc_column_text][\/vc_column][vc_column width=\u00a0\u00bb1\/3&Prime; css=\u00a0\u00bb.vc_custom_1506013163962{border-top-width: 1px !important;border-right-width: 1px !important;border-bottom-width: 1px !important;border-left-width: 1px !important;padding-top: 25px !important;padding-right: 40px !important;padding-bottom: 25px !important;padding-left: 40px !important;background-color: #f5f5f5 !important;border-left-color: #dddddd !important;border-left-style: solid !important;border-right-color: #dddddd !important;border-right-style: solid !important;border-top-color: #dddddd !important;border-top-style: solid !important;border-bottom-color: #dddddd !important;border-bottom-style: solid !important;}\u00a0\u00bb][vc_column_text]<\/p>\n<p style=\"text-align: center;\"><strong>DanceBodies<br \/>\n<\/strong>Entrainement super ludique et dynamique alliant des techniques d\u2019exercice inspir\u00e9es de la danse et du cardio-sculpting.<strong><br \/>\n<\/strong><\/p>\n<p>[\/vc_column_text][\/vc_column][\/vc_row][vc_row][vc_column css=\u00a0\u00bb.vc_custom_1528235403295{background-color: #f5f5f5 !important;}\u00a0\u00bb][vc_empty_space height=\u00a0\u00bb60px\u00a0\u00bb][\/vc_column][\/vc_row]<\/p>\n","protected":false},"excerpt":{"rendered":"<p>[vc_row css=\u00a0\u00bb.vc_custom_1489698544227{padding-top: 3% !important;padding-bottom: 3% !important;}\u00a0\u00bb el_id=\u00a0\u00bbabout\u00a0\u00bb][vc_column][vc_column_text] DESCRIPTIONS des classes. [\/vc_column_text][\/vc_column][\/vc_row][vc_row equal_height=\u00a0\u00bbyes\u00a0\u00bb content_placement=\u00a0\u00bbmiddle\u00a0\u00bb][vc_column width=\u00a0\u00bb1\/3&Prime; css=\u00a0\u00bb.vc_custom_1506012798436{border-top-width: 1px !important;border-bottom-width: 1px !important;border-left-width: 1px !important;padding-top: 25px !important;padding-right: 40px !important;padding-bottom: 25px<span class=\"excerpt-hellip\"> [\u2026]<\/span><\/p>\n","protected":false},"author":1,"featured_media":0,"parent":0,"menu_order":0,"comment_status":"open","ping_status":"open","template":"","meta":{"_monsterinsights_skip_tracking":false,"_monsterinsights_sitenote_active":false,"_monsterinsights_sitenote_note":"","_monsterinsights_sitenote_category":0,"footnotes":""},"class_list":["post-552","page","type-page","status-publish","hentry"],"yoast_head":"<!-- This site is optimized with the Yoast SEO plugin v27.0 - https:\/\/yoast.com\/product\/yoast-seo-wordpress\/ -->\n<title>CLASS DESCRIPTIONS - West-End Cavendish<\/title>\n<meta name=\"robots\" content=\"index, follow, max-snippet:-1, max-image-preview:large, max-video-preview:-1\" \/>\n<link rel=\"canonical\" href=\"https:\/\/westendcavendish.com\/fr\/class-descriptions\/\" \/>\n<meta property=\"og:locale\" content=\"fr_FR\" \/>\n<meta property=\"og:type\" content=\"article\" \/>\n<meta property=\"og:title\" content=\"CLASS DESCRIPTIONS - West-End Cavendish\" \/>\n<meta property=\"og:description\" content=\"[vc_row css=\u00a0\u00bb.vc_custom_1489698544227{padding-top: 3% !important;padding-bottom: 3% !important;}\u00a0\u00bb el_id=\u00a0\u00bbabout\u00a0\u00bb][vc_column][vc_column_text] DESCRIPTIONS des classes. [\/vc_column_text][\/vc_column][\/vc_row][vc_row equal_height=\u00a0\u00bbyes\u00a0\u00bb content_placement=\u00a0\u00bbmiddle\u00a0\u00bb][vc_column width=\u00a0\u00bb1\/3&Prime; css=\u00a0\u00bb.vc_custom_1506012798436{border-top-width: 1px !important;border-bottom-width: 1px !important;border-left-width: 1px !important;padding-top: 25px !important;padding-right: 40px !important;padding-bottom: 25px [\u2026]\" \/>\n<meta property=\"og:url\" content=\"https:\/\/westendcavendish.com\/fr\/class-descriptions\/\" \/>\n<meta property=\"og:site_name\" content=\"West-End Cavendish\" \/>\n<meta property=\"article:modified_time\" content=\"2018-06-14T16:51:07+00:00\" \/>\n<meta name=\"twitter:card\" content=\"summary_large_image\" \/>\n<meta name=\"twitter:label1\" content=\"Dur\u00e9e de lecture estim\u00e9e\" \/>\n\t<meta name=\"twitter:data1\" content=\"9 minutes\" \/>\n<script type=\"application\/ld+json\" class=\"yoast-schema-graph\">{\"@context\":\"https:\/\/schema.org\",\"@graph\":[{\"@type\":\"WebPage\",\"@id\":\"https:\/\/westendcavendish.com\/fr\/class-descriptions\/\",\"url\":\"https:\/\/westendcavendish.com\/fr\/class-descriptions\/\",\"name\":\"CLASS DESCRIPTIONS - West-End Cavendish\",\"isPartOf\":{\"@id\":\"https:\/\/westendcavendish.com\/#website\"},\"datePublished\":\"2017-09-21T16:34:16+00:00\",\"dateModified\":\"2018-06-14T16:51:07+00:00\",\"breadcrumb\":{\"@id\":\"https:\/\/westendcavendish.com\/fr\/class-descriptions\/#breadcrumb\"},\"inLanguage\":\"fr-FR\",\"potentialAction\":[{\"@type\":\"ReadAction\",\"target\":[\"https:\/\/westendcavendish.com\/fr\/class-descriptions\/\"]}]},{\"@type\":\"BreadcrumbList\",\"@id\":\"https:\/\/westendcavendish.com\/fr\/class-descriptions\/#breadcrumb\",\"itemListElement\":[{\"@type\":\"ListItem\",\"position\":1,\"name\":\"Home\",\"item\":\"https:\/\/westendcavendish.com\/fr\/\"},{\"@type\":\"ListItem\",\"position\":2,\"name\":\"CLASS DESCRIPTIONS\"}]},{\"@type\":\"WebSite\",\"@id\":\"https:\/\/westendcavendish.com\/#website\",\"url\":\"https:\/\/westendcavendish.com\/\",\"name\":\"West-End Cavendish\",\"description\":\"Athletic Club\",\"potentialAction\":[{\"@type\":\"SearchAction\",\"target\":{\"@type\":\"EntryPoint\",\"urlTemplate\":\"https:\/\/westendcavendish.com\/?s={search_term_string}\"},\"query-input\":{\"@type\":\"PropertyValueSpecification\",\"valueRequired\":true,\"valueName\":\"search_term_string\"}}],\"inLanguage\":\"fr-FR\"}]}<\/script>\n<!-- \/ Yoast SEO plugin. -->","yoast_head_json":{"title":"CLASS DESCRIPTIONS - West-End Cavendish","robots":{"index":"index","follow":"follow","max-snippet":"max-snippet:-1","max-image-preview":"max-image-preview:large","max-video-preview":"max-video-preview:-1"},"canonical":"https:\/\/westendcavendish.com\/fr\/class-descriptions\/","og_locale":"fr_FR","og_type":"article","og_title":"CLASS DESCRIPTIONS - West-End Cavendish","og_description":"[vc_row css=\u00a0\u00bb.vc_custom_1489698544227{padding-top: 3% !important;padding-bottom: 3% !important;}\u00a0\u00bb el_id=\u00a0\u00bbabout\u00a0\u00bb][vc_column][vc_column_text] DESCRIPTIONS des classes. [\/vc_column_text][\/vc_column][\/vc_row][vc_row equal_height=\u00a0\u00bbyes\u00a0\u00bb content_placement=\u00a0\u00bbmiddle\u00a0\u00bb][vc_column width=\u00a0\u00bb1\/3&Prime; css=\u00a0\u00bb.vc_custom_1506012798436{border-top-width: 1px !important;border-bottom-width: 1px !important;border-left-width: 1px !important;padding-top: 25px !important;padding-right: 40px !important;padding-bottom: 25px [\u2026]","og_url":"https:\/\/westendcavendish.com\/fr\/class-descriptions\/","og_site_name":"West-End Cavendish","article_modified_time":"2018-06-14T16:51:07+00:00","twitter_card":"summary_large_image","twitter_misc":{"Dur\u00e9e de lecture estim\u00e9e":"9 minutes"},"schema":{"@context":"https:\/\/schema.org","@graph":[{"@type":"WebPage","@id":"https:\/\/westendcavendish.com\/fr\/class-descriptions\/","url":"https:\/\/westendcavendish.com\/fr\/class-descriptions\/","name":"CLASS DESCRIPTIONS - West-End Cavendish","isPartOf":{"@id":"https:\/\/westendcavendish.com\/#website"},"datePublished":"2017-09-21T16:34:16+00:00","dateModified":"2018-06-14T16:51:07+00:00","breadcrumb":{"@id":"https:\/\/westendcavendish.com\/fr\/class-descriptions\/#breadcrumb"},"inLanguage":"fr-FR","potentialAction":[{"@type":"ReadAction","target":["https:\/\/westendcavendish.com\/fr\/class-descriptions\/"]}]},{"@type":"BreadcrumbList","@id":"https:\/\/westendcavendish.com\/fr\/class-descriptions\/#breadcrumb","itemListElement":[{"@type":"ListItem","position":1,"name":"Home","item":"https:\/\/westendcavendish.com\/fr\/"},{"@type":"ListItem","position":2,"name":"CLASS DESCRIPTIONS"}]},{"@type":"WebSite","@id":"https:\/\/westendcavendish.com\/#website","url":"https:\/\/westendcavendish.com\/","name":"West-End Cavendish","description":"Athletic Club","potentialAction":[{"@type":"SearchAction","target":{"@type":"EntryPoint","urlTemplate":"https:\/\/westendcavendish.com\/?s={search_term_string}"},"query-input":{"@type":"PropertyValueSpecification","valueRequired":true,"valueName":"search_term_string"}}],"inLanguage":"fr-FR"}]}},"_links":{"self":[{"href":"https:\/\/westendcavendish.com\/fr\/wp-json\/wp\/v2\/pages\/552","targetHints":{"allow":["GET"]}}],"collection":[{"href":"https:\/\/westendcavendish.com\/fr\/wp-json\/wp\/v2\/pages"}],"about":[{"href":"https:\/\/westendcavendish.com\/fr\/wp-json\/wp\/v2\/types\/page"}],"author":[{"embeddable":true,"href":"https:\/\/westendcavendish.com\/fr\/wp-json\/wp\/v2\/users\/1"}],"replies":[{"embeddable":true,"href":"https:\/\/westendcavendish.com\/fr\/wp-json\/wp\/v2\/comments?post=552"}],"version-history":[{"count":9,"href":"https:\/\/westendcavendish.com\/fr\/wp-json\/wp\/v2\/pages\/552\/revisions"}],"predecessor-version":[{"id":649,"href":"https:\/\/westendcavendish.com\/fr\/wp-json\/wp\/v2\/pages\/552\/revisions\/649"}],"wp:attachment":[{"href":"https:\/\/westendcavendish.com\/fr\/wp-json\/wp\/v2\/media?parent=552"}],"curies":[{"name":"wp","href":"https:\/\/api.w.org\/{rel}","templated":true}]}}